{"id":227896,"date":"2025-11-20T07:37:52","date_gmt":"2025-11-20T07:37:52","guid":{"rendered":"https:\/\/e-idpa.com\/?page_id=227896"},"modified":"2025-12-01T07:19:43","modified_gmt":"2025-12-01T07:19:43","slug":"track-order","status":"publish","type":"page","link":"https:\/\/get-idpa.com\/tr\/track-order\/","title":{"rendered":"Par\u00e7a S\u0131ras\u0131"},"content":{"rendered":"<div data-elementor-type=\"wp-page\" data-elementor-id=\"227896\" class=\"elementor elementor-227896\" data-elementor-post-type=\"page\">\n\t\t\t\t<div class=\"elementor-element elementor-element-e1224a4 e-flex e-con-boxed e-con e-parent\" data-id=\"e1224a4\" data-element_type=\"container\" data-e-type=\"container\" data-settings=\"{&quot;background_background&quot;:&quot;gradient&quot;}\">\n\t\t\t\t\t<div class=\"e-con-inner\">\n\t\t\t\t<div class=\"elementor-element elementor-element-e460590 elementor-widget elementor-widget-heading\" data-id=\"e460590\" data-element_type=\"widget\" data-e-type=\"widget\" data-widget_type=\"heading.default\">\n\t\t\t\t<div class=\"elementor-widget-container\">\n\t\t\t\t\t<h1 class=\"elementor-heading-title elementor-size-default\">Par\u00e7a S\u0131ras\u0131<\/h1>\t\t\t\t<\/div>\n\t\t\t\t<\/div>\n\t\t\t\t<div class=\"elementor-element elementor-element-a1f6998 elementor-absolute image-float elementor-widget elementor-widget-image\" data-id=\"a1f6998\" data-element_type=\"widget\" data-e-type=\"widget\" data-settings=\"{&quot;_position&quot;:&quot;absolute&quot;}\" data-widget_type=\"image.default\">\n\t\t\t\t<div class=\"elementor-widget-container\">\n\t\t\t\t\t\t\t\t\t\t\t\t\t\t\t<img fetchpriority=\"high\" decoding=\"async\" width=\"300\" height=\"300\" src=\"https:\/\/get-idpa.com\/wp-content\/uploads\/2025\/11\/Ellipse-12-300x300.png\" class=\"attachment-medium size-medium wp-image-227552\" alt=\"\" srcset=\"https:\/\/get-idpa.com\/wp-content\/uploads\/2025\/11\/Ellipse-12-300x300.png 300w, https:\/\/get-idpa.com\/wp-content\/uploads\/2025\/11\/Ellipse-12-324x324.png 324w, https:\/\/get-idpa.com\/wp-content\/uploads\/2025\/11\/Ellipse-12-100x100.png 100w, https:\/\/get-idpa.com\/wp-content\/uploads\/2025\/11\/Ellipse-12-150x150.png 150w, https:\/\/get-idpa.com\/wp-content\/uploads\/2025\/11\/Ellipse-12.png 358w\" sizes=\"(max-width: 300px) 100vw, 300px\" \/>\t\t\t\t\t\t\t\t\t\t\t\t\t\t\t<\/div>\n\t\t\t\t<\/div>\n\t\t\t\t<div class=\"elementor-element elementor-element-392a28f elementor-absolute image-ping-pong  elementor-widget elementor-widget-image\" data-id=\"392a28f\" data-element_type=\"widget\" data-e-type=\"widget\" data-settings=\"{&quot;_position&quot;:&quot;absolute&quot;}\" data-widget_type=\"image.default\">\n\t\t\t\t<div class=\"elementor-widget-container\">\n\t\t\t\t\t\t\t\t\t\t\t\t\t\t\t<img decoding=\"async\" width=\"768\" height=\"768\" src=\"https:\/\/get-idpa.com\/wp-content\/uploads\/2025\/11\/light-shade-1-768x768.png\" class=\"attachment-medium_large size-medium_large wp-image-227551\" alt=\"\" srcset=\"https:\/\/get-idpa.com\/wp-content\/uploads\/2025\/11\/light-shade-1-768x768.png 768w, https:\/\/get-idpa.com\/wp-content\/uploads\/2025\/11\/light-shade-1-324x324.png 324w, https:\/\/get-idpa.com\/wp-content\/uploads\/2025\/11\/light-shade-1-100x100.png 100w, https:\/\/get-idpa.com\/wp-content\/uploads\/2025\/11\/light-shade-1-416x416.png 416w, https:\/\/get-idpa.com\/wp-content\/uploads\/2025\/11\/light-shade-1-300x300.png 300w, https:\/\/get-idpa.com\/wp-content\/uploads\/2025\/11\/light-shade-1-1024x1024.png 1024w, https:\/\/get-idpa.com\/wp-content\/uploads\/2025\/11\/light-shade-1-150x150.png 150w, https:\/\/get-idpa.com\/wp-content\/uploads\/2025\/11\/light-shade-1.png 1124w\" sizes=\"(max-width: 768px) 100vw, 768px\" \/>\t\t\t\t\t\t\t\t\t\t\t\t\t\t\t<\/div>\n\t\t\t\t<\/div>\n\t\t\t\t\t<\/div>\n\t\t\t\t<\/div>\n\t\t<div class=\"elementor-element elementor-element-6334cee e-flex e-con-boxed e-con e-parent\" data-id=\"6334cee\" data-element_type=\"container\" data-e-type=\"container\">\n\t\t\t\t\t<div class=\"e-con-inner\">\n\t\t\t\t<div class=\"elementor-element elementor-element-db9846a elementor-widget elementor-widget-wc-elements\" data-id=\"db9846a\" data-element_type=\"widget\" data-e-type=\"widget\" data-widget_type=\"wc-elements.default\">\n\t\t\t\t<div class=\"elementor-widget-container\">\n\t\t\t\t\t<div class=\"woocommerce\">\n<form action=\"https:\/\/get-idpa.com\/tr\/track-order\/\" method=\"post\" class=\"woocommerce-form woocommerce-form-track-order track_order\" data-trp-original-action=\"https:\/\/get-idpa.com\/tr\/track-order\/\">\n\n\t\n\t<p data-no-translation=\"\" data-trp-gettext=\"\">Sipari\u015finizi takip etmek i\u00e7in l\u00fctfen a\u015fa\u011f\u0131daki kutuya sipari\u015f numaran\u0131z\u0131 girin ve Takip Et butonuna t\u0131klay\u0131n. Size g\u00f6nderilen sipari\u015f onay e-postas\u0131nda sipari\u015f numaran\u0131z\u0131 bulabilirsiniz.<\/p>\n\n\t<p class=\"form-row form-row-first\"><label for=\"orderid\" data-no-translation=\"\" data-trp-gettext=\"\">Sipari\u015f numaras\u0131<\/label> <input class=\"input-text\" type=\"text\" name=\"orderid\" id=\"orderid\" value=\"\" placeholder=\"Sipari\u015f onay e-postas\u0131nda bulunur.\" data-no-translation-placeholder=\"\" \/><\/p>\t<p class=\"form-row form-row-last\"><label for=\"order_email\" data-no-translation=\"\" data-trp-gettext=\"\">Fatura e-posta adresi<\/label> <input class=\"input-text\" type=\"text\" name=\"order_email\" id=\"order_email\" value=\"\" placeholder=\"\u00d6deme s\u0131ras\u0131nda kullanm\u0131\u015f oldu\u011funuz e-posta adresi.\" data-no-translation-placeholder=\"\" \/><\/p>\t<div class=\"clear\"><\/div>\n\n\t\n\t<p class=\"form-row\"><button type=\"submit\" class=\"button\" name=\"track\" value=\"Takip et\" data-no-translation=\"\" data-trp-gettext=\"\" data-no-translation-value=\"\">Takip et<\/button><\/p>\n\t<input type=\"hidden\" id=\"woocommerce-order-tracking-nonce\" name=\"woocommerce-order-tracking-nonce\" value=\"3f5062ced7\" \/><input type=\"hidden\" name=\"_wp_http_referer\" value=\"\/tr\/wp-json\/wp\/v2\/pages\/227896\" \/>\n\t\n<input type=\"hidden\" name=\"trp-form-language\" value=\"tr\"\/><\/form>\n<\/div>\t\t\t\t<\/div>\n\t\t\t\t<\/div>\n\t\t\t\t\t<\/div>\n\t\t\t\t<\/div>\n\t\t\t\t<\/div>","protected":false},"excerpt":{"rendered":"<p>Par\u00e7a S\u0131ras\u0131<\/p>","protected":false},"author":3,"featured_media":0,"parent":0,"menu_order":0,"comment_status":"closed","ping_status":"closed","template":"","meta":{"inline_featured_image":false,"footnotes":""},"class_list":["post-227896","page","type-page","status-publish","hentry"],"_links":{"self":[{"href":"https:\/\/get-idpa.com\/tr\/wp-json\/wp\/v2\/pages\/227896","targetHints":{"allow":["GET"]}}],"collection":[{"href":"https:\/\/get-idpa.com\/tr\/wp-json\/wp\/v2\/pages"}],"about":[{"href":"https:\/\/get-idpa.com\/tr\/wp-json\/wp\/v2\/types\/page"}],"author":[{"embeddable":true,"href":"https:\/\/get-idpa.com\/tr\/wp-json\/wp\/v2\/users\/3"}],"replies":[{"embeddable":true,"href":"https:\/\/get-idpa.com\/tr\/wp-json\/wp\/v2\/comments?post=227896"}],"version-history":[{"count":0,"href":"https:\/\/get-idpa.com\/tr\/wp-json\/wp\/v2\/pages\/227896\/revisions"}],"wp:attachment":[{"href":"https:\/\/get-idpa.com\/tr\/wp-json\/wp\/v2\/media?parent=227896"}],"curies":[{"name":"wp","href":"https:\/\/api.w.org\/{rel}","templated":true}]}}