{"id":227896,"date":"2025-11-20T07:37:52","date_gmt":"2025-11-20T07:37:52","guid":{"rendered":"https:\/\/e-idpa.com\/?page_id=227896"},"modified":"2025-12-01T07:19:43","modified_gmt":"2025-12-01T07:19:43","slug":"track-order","status":"publish","type":"page","link":"https:\/\/get-idpa.com\/vi\/track-order\/","title":{"rendered":"Theo d\u00f5i \u0111\u01a1n h\u00e0ng"},"content":{"rendered":"<div data-elementor-type=\"wp-page\" data-elementor-id=\"227896\" class=\"elementor elementor-227896\" data-elementor-post-type=\"page\">\n\t\t\t\t<div class=\"elementor-element elementor-element-e1224a4 e-flex e-con-boxed e-con e-parent\" data-id=\"e1224a4\" data-element_type=\"container\" data-e-type=\"container\" data-settings=\"{&quot;background_background&quot;:&quot;gradient&quot;}\">\n\t\t\t\t\t<div class=\"e-con-inner\">\n\t\t\t\t<div class=\"elementor-element elementor-element-e460590 elementor-widget elementor-widget-heading\" data-id=\"e460590\" data-element_type=\"widget\" data-e-type=\"widget\" data-widget_type=\"heading.default\">\n\t\t\t\t<div class=\"elementor-widget-container\">\n\t\t\t\t\t<h1 class=\"elementor-heading-title elementor-size-default\">Theo d\u00f5i \u0111\u01a1n h\u00e0ng<\/h1>\t\t\t\t<\/div>\n\t\t\t\t<\/div>\n\t\t\t\t<div class=\"elementor-element elementor-element-a1f6998 elementor-absolute image-float elementor-widget elementor-widget-image\" data-id=\"a1f6998\" data-element_type=\"widget\" data-e-type=\"widget\" data-settings=\"{&quot;_position&quot;:&quot;absolute&quot;}\" data-widget_type=\"image.default\">\n\t\t\t\t<div class=\"elementor-widget-container\">\n\t\t\t\t\t\t\t\t\t\t\t\t\t\t\t<img fetchpriority=\"high\" decoding=\"async\" width=\"300\" height=\"300\" src=\"https:\/\/get-idpa.com\/wp-content\/uploads\/2025\/11\/Ellipse-12-300x300.png\" class=\"attachment-medium size-medium wp-image-227552\" alt=\"\" srcset=\"https:\/\/get-idpa.com\/wp-content\/uploads\/2025\/11\/Ellipse-12-300x300.png 300w, https:\/\/get-idpa.com\/wp-content\/uploads\/2025\/11\/Ellipse-12-324x324.png 324w, https:\/\/get-idpa.com\/wp-content\/uploads\/2025\/11\/Ellipse-12-100x100.png 100w, https:\/\/get-idpa.com\/wp-content\/uploads\/2025\/11\/Ellipse-12-150x150.png 150w, https:\/\/get-idpa.com\/wp-content\/uploads\/2025\/11\/Ellipse-12.png 358w\" sizes=\"(max-width: 300px) 100vw, 300px\" \/>\t\t\t\t\t\t\t\t\t\t\t\t\t\t\t<\/div>\n\t\t\t\t<\/div>\n\t\t\t\t<div class=\"elementor-element elementor-element-392a28f elementor-absolute image-ping-pong  elementor-widget elementor-widget-image\" data-id=\"392a28f\" data-element_type=\"widget\" data-e-type=\"widget\" data-settings=\"{&quot;_position&quot;:&quot;absolute&quot;}\" data-widget_type=\"image.default\">\n\t\t\t\t<div class=\"elementor-widget-container\">\n\t\t\t\t\t\t\t\t\t\t\t\t\t\t\t<img decoding=\"async\" width=\"768\" height=\"768\" src=\"https:\/\/get-idpa.com\/wp-content\/uploads\/2025\/11\/light-shade-1-768x768.png\" class=\"attachment-medium_large size-medium_large wp-image-227551\" alt=\"\" srcset=\"https:\/\/get-idpa.com\/wp-content\/uploads\/2025\/11\/light-shade-1-768x768.png 768w, https:\/\/get-idpa.com\/wp-content\/uploads\/2025\/11\/light-shade-1-324x324.png 324w, https:\/\/get-idpa.com\/wp-content\/uploads\/2025\/11\/light-shade-1-100x100.png 100w, https:\/\/get-idpa.com\/wp-content\/uploads\/2025\/11\/light-shade-1-416x416.png 416w, https:\/\/get-idpa.com\/wp-content\/uploads\/2025\/11\/light-shade-1-300x300.png 300w, https:\/\/get-idpa.com\/wp-content\/uploads\/2025\/11\/light-shade-1-1024x1024.png 1024w, https:\/\/get-idpa.com\/wp-content\/uploads\/2025\/11\/light-shade-1-150x150.png 150w, https:\/\/get-idpa.com\/wp-content\/uploads\/2025\/11\/light-shade-1.png 1124w\" sizes=\"(max-width: 768px) 100vw, 768px\" \/>\t\t\t\t\t\t\t\t\t\t\t\t\t\t\t<\/div>\n\t\t\t\t<\/div>\n\t\t\t\t\t<\/div>\n\t\t\t\t<\/div>\n\t\t<div class=\"elementor-element elementor-element-6334cee e-flex e-con-boxed e-con e-parent\" data-id=\"6334cee\" data-element_type=\"container\" data-e-type=\"container\">\n\t\t\t\t\t<div class=\"e-con-inner\">\n\t\t\t\t<div class=\"elementor-element elementor-element-db9846a elementor-widget elementor-widget-wc-elements\" data-id=\"db9846a\" data-element_type=\"widget\" data-e-type=\"widget\" data-widget_type=\"wc-elements.default\">\n\t\t\t\t<div class=\"elementor-widget-container\">\n\t\t\t\t\t<div class=\"woocommerce\">\n<form action=\"https:\/\/get-idpa.com\/vi\/track-order\/\" method=\"post\" class=\"woocommerce-form woocommerce-form-track-order track_order\" data-trp-original-action=\"https:\/\/get-idpa.com\/vi\/track-order\/\">\n\n\t\n\t<p data-no-translation=\"\" data-trp-gettext=\"\">\u0110\u1ec3 theo d\u00f5i \u0111\u01a1n h\u00e0ng, vui l\u00f2ng nh\u1eadp M\u00e3 \u0111\u01a1n h\u00e0ng c\u1ee7a b\u1ea1n v\u00e0o \u00f4 b\u00ean d\u01b0\u1edbi v\u00e0 nh\u1ea5n n\u00fat &quot;Theo d\u00f5i&quot;. M\u00e3 n\u00e0y \u0111\u00e3 \u0111\u01b0\u1ee3c cung c\u1ea5p cho b\u1ea1n tr\u00ean bi\u00ean nh\u1eadn v\u00e0 trong email x\u00e1c nh\u1eadn m\u00e0 b\u1ea1n \u0111\u00e3 nh\u1eadn \u0111\u01b0\u1ee3c.<\/p>\n\n\t<p class=\"form-row form-row-first\"><label for=\"orderid\" data-no-translation=\"\" data-trp-gettext=\"\">ID \u0110\u01a1n h\u00e0ng<\/label> <input class=\"input-text\" type=\"text\" name=\"orderid\" id=\"orderid\" value=\"\" placeholder=\"T\u00ecm th\u1ea5y trong email x\u00e1c nh\u1eadn \u0111\u01a1n h\u00e0ng c\u1ee7a b\u1ea1n.\" data-no-translation-placeholder=\"\" \/><\/p>\t<p class=\"form-row form-row-last\"><label for=\"order_email\" data-no-translation=\"\" data-trp-gettext=\"\">Email thanh to\u00e1n<\/label> <input class=\"input-text\" type=\"text\" name=\"order_email\" id=\"order_email\" value=\"\" placeholder=\"Email \u0111\u01b0\u1ee3c s\u1eed d\u1ee5ng trong qu\u00e1 tr\u00ecnh thanh to\u00e1n.\" data-no-translation-placeholder=\"\" \/><\/p>\t<div class=\"clear\"><\/div>\n\n\t\n\t<p class=\"form-row\"><button type=\"submit\" class=\"button\" name=\"track\" value=\"Theo d\u00f5i\" data-no-translation=\"\" data-trp-gettext=\"\" data-no-translation-value=\"\">Theo d\u00f5i<\/button><\/p>\n\t<input type=\"hidden\" id=\"woocommerce-order-tracking-nonce\" name=\"woocommerce-order-tracking-nonce\" value=\"332dd869be\" \/><input type=\"hidden\" name=\"_wp_http_referer\" value=\"\/vi\/wp-json\/wp\/v2\/pages\/227896\" \/>\n\t\n<input type=\"hidden\" name=\"trp-form-language\" value=\"vi\"\/><\/form>\n<\/div>\t\t\t\t<\/div>\n\t\t\t\t<\/div>\n\t\t\t\t\t<\/div>\n\t\t\t\t<\/div>\n\t\t\t\t<\/div>","protected":false},"excerpt":{"rendered":"<p>Theo d\u00f5i \u0111\u01a1n h\u00e0ng<\/p>","protected":false},"author":3,"featured_media":0,"parent":0,"menu_order":0,"comment_status":"closed","ping_status":"closed","template":"","meta":{"inline_featured_image":false,"footnotes":""},"class_list":["post-227896","page","type-page","status-publish","hentry"],"_links":{"self":[{"href":"https:\/\/get-idpa.com\/vi\/wp-json\/wp\/v2\/pages\/227896","targetHints":{"allow":["GET"]}}],"collection":[{"href":"https:\/\/get-idpa.com\/vi\/wp-json\/wp\/v2\/pages"}],"about":[{"href":"https:\/\/get-idpa.com\/vi\/wp-json\/wp\/v2\/types\/page"}],"author":[{"embeddable":true,"href":"https:\/\/get-idpa.com\/vi\/wp-json\/wp\/v2\/users\/3"}],"replies":[{"embeddable":true,"href":"https:\/\/get-idpa.com\/vi\/wp-json\/wp\/v2\/comments?post=227896"}],"version-history":[{"count":0,"href":"https:\/\/get-idpa.com\/vi\/wp-json\/wp\/v2\/pages\/227896\/revisions"}],"wp:attachment":[{"href":"https:\/\/get-idpa.com\/vi\/wp-json\/wp\/v2\/media?parent=227896"}],"curies":[{"name":"wp","href":"https:\/\/api.w.org\/{rel}","templated":true}]}}